{"id":460,"date":"2023-01-24T13:32:21","date_gmt":"2023-01-24T13:32:21","guid":{"rendered":"https:\/\/magnesium.tn\/index.php\/produit\/hoodie-with-logo-4\/"},"modified":"2023-01-30T14:39:42","modified_gmt":"2023-01-30T14:39:42","slug":"hoodie-with-logo-4","status":"publish","type":"product","link":"https:\/\/magnesium.tn\/index.php\/produit\/hoodie-with-logo-4\/","title":{"rendered":"Magn\u00e9sium Spray Original\u00ae"},"content":{"rendered":"<h3><span style=\"color: #144f82;\">MAGNESIUM SPRAY Original\u00ae<\/span><\/h3>\n<h4><span style=\"color: #144f82;\">Caract\u00e9ristiques :<\/span><\/h4>\n<p><span style=\"color: #144f82;\">\u2013 solution aqueuse hautement satur\u00e9e de chlorure de magn\u00e9sium d\u2019aspect huileux,<\/span><br \/>\n<span style=\"color: #144f82;\">mais qui n\u2019est pas une huile au sens strict.<\/span><br \/>\n<span style=\"color: #144f82;\">\u2013 Texture l\u00e9g\u00e8rement visqueuse, non lipidique<\/span><br \/>\n<span style=\"color: #144f82;\">\u2013 Sans odeur<\/span><br \/>\n<span style=\"color: #144f82;\">\u2013 Sans ajout d\u2019ingr\u00e9dients<\/span><br \/>\n<span style=\"color: #144f82;\">\u2013 S\u00e8che en 5 minutes<\/span><br \/>\n<span style=\"color: #144f82;\">\u2013 Absorption efficace au bout de 15 minutes<\/span><br \/>\n<span style=\"color: #144f82;\">\u2013 Soluble dans l\u2019eau et peut \u00eatre dilu\u00e9 si n\u00e9cessaire<\/span><\/p>\n<h4><span style=\"color: #144f82;\">Composition :<\/span><\/h4>\n<p><span style=\"color: #144f82;\">31 % Chlorure de Magn\u00e9sium Zechstein Inside\u00ae<\/span><br \/>\n<span style=\"color: #144f82;\">Eau de Zechstein<\/span><\/p>\n<h4><span style=\"color: #144f82;\">Dosage :<\/span><\/h4>\n<p><span style=\"color: #144f82;\">31% chlorure de Magn\u00e9sium Zechstein<\/span><br \/>\n<span style=\"color: #144f82;\">7 pulv\u00e9risations = 1 ml = 102 mg de magn\u00e9sium pur<\/span><\/p>\n<h4><span style=\"color: #144f82;\">Pr\u00e9sentation :<\/span><\/h4>\n<p><span style=\"color: #144f82;\">Flacon pulv\u00e9risateur de 100 ml<\/span><\/p>\n","protected":false},"excerpt":{"rendered":"<p>Solution aqueuse hautement satur\u00e9e de chlorure de magn\u00e9sium d\u2019aspect huileux,<br \/>\nmais qui n\u2019est pas une huile au sens strict.<\/p>\n","protected":false},"featured_media":508,"template":"","meta":[],"product_brand":[],"product_cat":[43],"product_tag":[],"class_list":{"0":"post-460","1":"product","2":"type-product","3":"status-publish","4":"has-post-thumbnail","6":"product_cat-non-classe","8":"first","9":"instock","10":"shipping-taxable","11":"purchasable","12":"product-type-simple"},"_links":{"self":[{"href":"https:\/\/magnesium.tn\/index.php\/wp-json\/wp\/v2\/product\/460","targetHints":{"allow":["GET"]}}],"collection":[{"href":"https:\/\/magnesium.tn\/index.php\/wp-json\/wp\/v2\/product"}],"about":[{"href":"https:\/\/magnesium.tn\/index.php\/wp-json\/wp\/v2\/types\/product"}],"wp:featuredmedia":[{"embeddable":true,"href":"https:\/\/magnesium.tn\/index.php\/wp-json\/wp\/v2\/media\/508"}],"wp:attachment":[{"href":"https:\/\/magnesium.tn\/index.php\/wp-json\/wp\/v2\/media?parent=460"}],"wp:term":[{"taxonomy":"product_brand","embeddable":true,"href":"https:\/\/magnesium.tn\/index.php\/wp-json\/wp\/v2\/product_brand?post=460"},{"taxonomy":"product_cat","embeddable":true,"href":"https:\/\/magnesium.tn\/index.php\/wp-json\/wp\/v2\/product_cat?post=460"},{"taxonomy":"product_tag","embeddable":true,"href":"https:\/\/magnesium.tn\/index.php\/wp-json\/wp\/v2\/product_tag?post=460"}],"curies":[{"name":"wp","href":"https:\/\/api.w.org\/{rel}","templated":true}]}}