{"id":86,"date":"2022-01-13T08:09:44","date_gmt":"2022-01-13T08:09:44","guid":{"rendered":"https:\/\/magnesium.tn\/index.php\/home-1\/"},"modified":"2022-10-17T09:45:53","modified_gmt":"2022-10-17T09:45:53","slug":"home-1","status":"publish","type":"page","link":"https:\/\/magnesium.tn\/","title":{"rendered":"Acceuil"},"content":{"rendered":"<p>[vc_row full_width=\u00a0\u00bbstretch_row\u00a0\u00bb content_placement=\u00a0\u00bbtop\u00a0\u00bb vc_row_background=\u00a0\u00bb\u00a0\u00bb][vc_column css=\u00a0\u00bb.vc_custom_1664805596429{margin-left: -30px !important;}\u00a0\u00bb]\n\t\t\t<!-- START Slider 1 REVOLUTION SLIDER 6.5.12 --><p class=\"rs-p-wp-fix\"><\/p>\n\t\t\t<rs-module-wrap id=\"rev_slider_1_1_wrapper\" data-source=\"gallery\" style=\"visibility:hidden;background:transparent;padding:0;margin:0px auto;margin-top:0;margin-bottom:0;\">\n\t\t\t\t<rs-module id=\"rev_slider_1_1\" style=\"\" data-version=\"6.5.12\">\n\t\t\t\t\t<rs-slides>\n\t\t\t\t\t\t<rs-slide style=\"position: absolute;\" data-key=\"rs-3\" data-title=\"Slide\" data-seoz=\"front\" data-in=\"o:0;\" data-out=\"a:false;\">\n\t\t\t\t\t\t\t<img decoding=\"async\" src=\"\/\/magnesium.tn\/wp-content\/plugins\/revslider\/public\/assets\/assets\/dummy.png\" alt=\"Slide\" title=\"Acceuil\" class=\"rev-slidebg tp-rs-img rs-lazyload\" data-lazyload=\"\/\/magnesium.tn\/wp-content\/plugins\/revslider\/public\/assets\/assets\/transparent.png\" data-no-retina>\n<!--\n\t\t\t\t\t\t\t--><rs-layer\n\t\t\t\t\t\t\t\tid=\"slider-1-slide-3-layer-1\" \n\t\t\t\t\t\t\t\tdata-type=\"image\"\n\t\t\t\t\t\t\t\tdata-rsp_ch=\"on\"\n\t\t\t\t\t\t\t\tdata-xy=\"x:c;\"\n\t\t\t\t\t\t\t\tdata-text=\"w:normal;\"\n\t\t\t\t\t\t\t\tdata-dim=\"w:100%;h:780px;\"\n\t\t\t\t\t\t\t\tdata-frame_999=\"o:0;st:8900;sR:8600;\"\n\t\t\t\t\t\t\t\tstyle=\"z-index:8;\"\n\t\t\t\t\t\t\t><img loading=\"lazy\" decoding=\"async\" src=\"\/\/magnesium.tn\/wp-content\/plugins\/revslider\/public\/assets\/assets\/dummy.png\" alt=\"\" class=\"tp-rs-img rs-lazyload\" width=\"1980\" height=\"780\" data-lazyload=\"\/\/magnesium.tn\/wp-content\/uploads\/2024\/05\/3MAG-FINI.jpg\" data-c=\"fullwidth\" data-no-retina> \n\t\t\t\t\t\t\t<\/rs-layer><!--\n-->\t\t\t\t\t\t<\/rs-slide>\n\t\t\t\t\t\t<rs-slide style=\"position: absolute;\" data-key=\"rs-4\" data-title=\"Slide\" data-in=\"o:0;\" data-out=\"a:false;\">\n\t\t\t\t\t\t\t<img decoding=\"async\" src=\"\/\/magnesium.tn\/wp-content\/plugins\/revslider\/public\/assets\/assets\/dummy.png\" alt=\"Slide\" title=\"Acceuil\" class=\"rev-slidebg tp-rs-img rs-lazyload\" data-lazyload=\"\/\/magnesium.tn\/wp-content\/plugins\/revslider\/public\/assets\/assets\/transparent.png\" data-no-retina>\n<!--\n\t\t\t\t\t\t\t--><rs-layer\n\t\t\t\t\t\t\t\tid=\"slider-1-slide-4-layer-1\" \n\t\t\t\t\t\t\t\tdata-type=\"image\"\n\t\t\t\t\t\t\t\tdata-rsp_ch=\"on\"\n\t\t\t\t\t\t\t\tdata-text=\"w:normal;\"\n\t\t\t\t\t\t\t\tdata-dim=\"w:100%;h:780px;\"\n\t\t\t\t\t\t\t\tdata-frame_999=\"o:0;st:w;sR:8700;\"\n\t\t\t\t\t\t\t\tstyle=\"z-index:8;\"\n\t\t\t\t\t\t\t><img loading=\"lazy\" decoding=\"async\" src=\"\/\/magnesium.tn\/wp-content\/plugins\/revslider\/public\/assets\/assets\/dummy.png\" alt=\"\" class=\"tp-rs-img rs-lazyload\" width=\"1980\" height=\"780\" data-lazyload=\"\/\/magnesium.tn\/wp-content\/uploads\/2024\/05\/MG-DOULOUR.png\" data-c=\"fullwidth\" data-no-retina> \n\t\t\t\t\t\t\t<\/rs-layer><!--\n-->\t\t\t\t\t\t<\/rs-slide>\n\t\t\t\t\t\t<rs-slide style=\"position: absolute;\" data-key=\"rs-7\" data-title=\"Slide\" data-in=\"o:0;\" data-out=\"a:false;\">\n\t\t\t\t\t\t\t<img decoding=\"async\" src=\"\/\/magnesium.tn\/wp-content\/plugins\/revslider\/public\/assets\/assets\/dummy.png\" alt=\"Slide\" title=\"Acceuil\" class=\"rev-slidebg tp-rs-img rs-lazyload\" data-lazyload=\"\/\/magnesium.tn\/wp-content\/plugins\/revslider\/public\/assets\/assets\/transparent.png\" data-no-retina>\n<!--\n\t\t\t\t\t\t\t--><rs-layer\n\t\t\t\t\t\t\t\tid=\"slider-1-slide-7-layer-1\" \n\t\t\t\t\t\t\t\tdata-type=\"image\"\n\t\t\t\t\t\t\t\tdata-rsp_ch=\"on\"\n\t\t\t\t\t\t\t\tdata-text=\"w:normal;\"\n\t\t\t\t\t\t\t\tdata-dim=\"w:100%;h:780px;\"\n\t\t\t\t\t\t\t\tdata-frame_999=\"o:0;st:w;sR:8700;\"\n\t\t\t\t\t\t\t\tstyle=\"z-index:8;\"\n\t\t\t\t\t\t\t><img loading=\"lazy\" decoding=\"async\" src=\"\/\/magnesium.tn\/wp-content\/plugins\/revslider\/public\/assets\/assets\/dummy.png\" alt=\"\" class=\"tp-rs-img rs-lazyload\" width=\"1980\" height=\"780\" data-lazyload=\"\/\/magnesium.tn\/wp-content\/uploads\/2024\/05\/MG-FROID.png\" data-c=\"fullwidth\" data-no-retina> \n\t\t\t\t\t\t\t<\/rs-layer><!--\n-->\t\t\t\t\t\t<\/rs-slide>\n\t\t\t\t\t\t<rs-slide style=\"position: absolute;\" data-key=\"rs-8\" data-title=\"Slide\" data-in=\"o:0;\" data-out=\"a:false;\">\n\t\t\t\t\t\t\t<img decoding=\"async\" src=\"\/\/magnesium.tn\/wp-content\/plugins\/revslider\/public\/assets\/assets\/dummy.png\" alt=\"Slide\" title=\"Acceuil\" class=\"rev-slidebg tp-rs-img rs-lazyload\" data-lazyload=\"\/\/magnesium.tn\/wp-content\/plugins\/revslider\/public\/assets\/assets\/transparent.png\" data-no-retina>\n<!--\n\t\t\t\t\t\t\t--><rs-layer\n\t\t\t\t\t\t\t\tid=\"slider-1-slide-8-layer-1\" \n\t\t\t\t\t\t\t\tdata-type=\"image\"\n\t\t\t\t\t\t\t\tdata-rsp_ch=\"on\"\n\t\t\t\t\t\t\t\tdata-text=\"w:normal;\"\n\t\t\t\t\t\t\t\tdata-dim=\"w:100%;h:780px;\"\n\t\t\t\t\t\t\t\tdata-frame_999=\"o:0;st:w;\"\n\t\t\t\t\t\t\t\tstyle=\"z-index:8;\"\n\t\t\t\t\t\t\t><img loading=\"lazy\" decoding=\"async\" src=\"\/\/magnesium.tn\/wp-content\/plugins\/revslider\/public\/assets\/assets\/dummy.png\" alt=\"\" class=\"tp-rs-img rs-lazyload\" width=\"1980\" height=\"780\" data-lazyload=\"\/\/magnesium.tn\/wp-content\/uploads\/2024\/05\/MG-ORIGINAL.png\" data-c=\"fullwidth\" data-no-retina> \n\t\t\t\t\t\t\t<\/rs-layer><!--\n-->\t\t\t\t\t\t<\/rs-slide>\n\t\t\t\t\t\t<rs-slide style=\"position: absolute;\" data-key=\"rs-11\" data-title=\"Slide\" data-in=\"o:0;\" data-out=\"a:false;\">\n\t\t\t\t\t\t\t<img decoding=\"async\" src=\"\/\/magnesium.tn\/wp-content\/plugins\/revslider\/public\/assets\/assets\/dummy.png\" alt=\"Slide\" title=\"Acceuil\" class=\"rev-slidebg tp-rs-img rs-lazyload\" data-lazyload=\"\/\/magnesium.tn\/wp-content\/plugins\/revslider\/public\/assets\/assets\/transparent.png\" data-no-retina>\n<!---->\t\t\t\t\t\t<\/rs-slide>\n\t\t\t\t\t<\/rs-slides>\n\t\t\t\t<\/rs-module>\n\t\t\t\t<script>\n\t\t\t\t\tsetREVStartSize({c: 'rev_slider_1_1',rl:[1240,1024,778,480],el:[780],gw:[1920],gh:[780],type:'standard',justify:'',layout:'fullwidth',mh:\"0\"});if (window.RS_MODULES!==undefined && window.RS_MODULES.modules!==undefined && window.RS_MODULES.modules[\"revslider11\"]!==undefined) {window.RS_MODULES.modules[\"revslider11\"].once = false;window.revapi1 = undefined;if (window.RS_MODULES.checkMinimal!==undefined) window.RS_MODULES.checkMinimal()}\n\t\t\t\t<\/script>\n\t\t\t<\/rs-module-wrap>\n\t\t\t<!-- END REVOLUTION SLIDER -->\n[\/vc_column][\/vc_row][vc_row full_width=\u00a0\u00bbstretch_row\u00a0\u00bb vc_row_background=\u00a0\u00bb\u00a0\u00bb css=\u00a0\u00bb.vc_custom_1649322761785{background-image: url(https:\/\/magnesium.tn\/wp-content\/uploads\/2022\/04\/Fichier-2.png?id=235) !important;}\u00a0\u00bb][vc_column width=\u00a0\u00bb1\/4&Prime;][\/vc_column][vc_column width=\u00a0\u00bb1\/2&Prime;][vc_column_text]<\/p>\n<h3 style=\"text-align: center;\"><span style=\"color: #ffffff;\"><strong>Ancienne, naturelle, pure et vierge<\/strong><\/span><\/h3>\n<p style=\"text-align: center;\"><span style=\"color: #ffffff;\">Notre magn\u00e9sium transcutan\u00e9 provient de la mer Zechstein. C\u2019est une mer ancienne situ\u00e9e \u00e0 2 km sous terre, datant de 250 millions d\u2019ann\u00e9es et totalement \u00e9loign\u00e9e de toute pollution.<\/span><br \/>\n<span style=\"color: #ffffff;\">Il s\u2019agit de la plus pure des sources de magn\u00e9sium sur Terre certifi\u00e9e \u00e0 ce jour constituant une vraie d\u00e9couverte historique.<\/span><br \/>\n<span style=\"color: #ffffff;\">Le magn\u00e9sium transcutan\u00e9, dont la texture se rapproche de celle d\u2019une huile s\u00e8che, est non chauff\u00e9, non raffin\u00e9 et est mis en bouteille en son \u00e9tat naturel \u00ab cru \u00bb. Puret\u00e9 de la source certifi\u00e9e \u00ab Zechstein Inside\u00ae \u00bb (Pays-Bas).<\/span>[\/vc_column_text][vc_btn title=\u00a0\u00bbLire plus\u00a0\u00bb color=\u00a0\u00bbturquoise\u00a0\u00bb align=\u00a0\u00bbcenter\u00a0\u00bb link=\u00a0\u00bburl:https%3A%2F%2Fmagnesium.tn%2Findex.php%2Fmangnesium-transcutane%2Fcest-quoi-le-magnesium-transcutane-zechstein%2F|title:C%E2%80%99est%20quoi%20LE%20MAGN%C3%89SIUM%20TRANSCUTAN%C3%89%20ZECHSTEIN\u00a0\u00bb][\/vc_column][vc_column width=\u00a0\u00bb1\/4&Prime;][\/vc_column][\/vc_row][vc_row content_placement=\u00a0\u00bbmiddle\u00a0\u00bb vc_row_background=\u00a0\u00bb\u00a0\u00bb][vc_column width=\u00a0\u00bb1\/2&Prime; css=\u00a0\u00bb.vc_custom_1665999476967{margin-top: 10px !important;}\u00a0\u00bb][vc_row_inner][vc_column_inner offset=\u00a0\u00bbvc_hidden-xs\u00a0\u00bb][vc_empty_space height=\u00a0\u00bb165&Prime;][\/vc_column_inner][\/vc_row_inner][vc_single_image image=\u00a0\u00bb242&Prime; img_size=\u00a0\u00bblarge\u00a0\u00bb alignment=\u00a0\u00bbcenter\u00a0\u00bb css=\u00a0\u00bb.vc_custom_1649668368916{margin-left: 120px !important;}\u00a0\u00bb][vc_column_text css=\u00a0\u00bb.vc_custom_1665999929373{margin-left: 0px !important;}\u00a0\u00bb]<span style=\"color: #144f82;\"><strong>L\u2018huile de magn\u00e9sium transcutan\u00e9 encore appel\u00e9e transdermique, est sans doute la meilleure fa\u00e7on d\u2019assimiler ce min\u00e9ral, au combien pr\u00e9cieux pour l\u2019organisme.Cette huile s\u00e8che est la plus pure source de magn\u00e9sium sur terre et soulage de nombreux maux. \u00a0 \u00a0\u00a0<!--more--><\/strong><\/span>[\/vc_column_text][vc_btn title=\u00a0\u00bbAchetez\u00a0\u00bb color=\u00a0\u00bbturquoise\u00a0\u00bb size=\u00a0\u00bbsm\u00a0\u00bb align=\u00a0\u00bbright\u00a0\u00bb css=\u00a0\u00bb.vc_custom_1665999558397{margin-right: 30px !important;}\u00a0\u00bb link=\u00a0\u00bburl:https%3A%2F%2Fmagnesium.tn%2Findex.php%2Fboutique%2F|title:Boutique\u00a0\u00bb][\/vc_column][vc_column width=\u00a0\u00bb1\/2&Prime;][vc_single_image image=\u00a0\u00bb241&Prime; img_size=\u00a0\u00bbfull\u00a0\u00bb alignment=\u00a0\u00bbcenter\u00a0\u00bb css=\u00a0\u00bb.vc_custom_1649666301542{margin-top: 10px !important;}\u00a0\u00bb][\/vc_column][\/vc_row][vc_row full_width=\u00a0\u00bbstretch_row\u00a0\u00bb vc_row_background=\u00a0\u00bb\u00a0\u00bb css=\u00a0\u00bb.vc_custom_1649325097883{background-image: url(https:\/\/magnesium.tn\/wp-content\/uploads\/2022\/04\/MagnseiumTN-_-Page-daccueil.png?id=246) !important;}\u00a0\u00bb][vc_column css=\u00a0\u00bb.vc_custom_1649325189610{margin-top: 30px !important;}\u00a0\u00bb][vc_column_text]<\/p>\n<h1 style=\"text-align: center;\"><span style=\"color: #ffffff;\">BIENFAITS<\/span><\/h1>\n<p>[\/vc_column_text][vc_column_text css=\u00a0\u00bb.vc_custom_1649325179756{margin-top: -30px !important;}\u00a0\u00bb]<\/p>\n<h3 style=\"text-align: center;\"><span style=\"color: #ffffff;\">magn\u00e9sium<\/span><\/h3>\n<p>[\/vc_column_text][vc_row_inner css=\u00a0\u00bb.vc_custom_1649325624699{margin-top: -20px !important;}\u00a0\u00bb][vc_column_inner width=\u00a0\u00bb1\/3&Prime;][vc_single_image image=\u00a0\u00bb251&Prime; img_size=\u00a0\u00bbfull\u00a0\u00bb alignment=\u00a0\u00bbcenter\u00a0\u00bb][\/vc_column_inner][vc_column_inner width=\u00a0\u00bb1\/3&Prime;][vc_single_image image=\u00a0\u00bb250&Prime; img_size=\u00a0\u00bbfull\u00a0\u00bb alignment=\u00a0\u00bbcenter\u00a0\u00bb][\/vc_column_inner][vc_column_inner width=\u00a0\u00bb1\/3&Prime;][vc_single_image image=\u00a0\u00bb249&Prime; img_size=\u00a0\u00bbfull\u00a0\u00bb alignment=\u00a0\u00bbcenter\u00a0\u00bb][\/vc_column_inner][\/vc_row_inner][vc_row_inner][vc_column_inner][vc_btn title=\u00a0\u00bbLire plus\u00a0\u00bb color=\u00a0\u00bbturquoise\u00a0\u00bb size=\u00a0\u00bblg\u00a0\u00bb align=\u00a0\u00bbcenter\u00a0\u00bb link=\u00a0\u00bburl:https%3A%2F%2Fmagnesium.tn%2Findex.php%2Fbienfaits%2F|title:Bienfaits\u00a0\u00bb][\/vc_column_inner][\/vc_row_inner][\/vc_column][\/vc_row][vc_row][vc_column width=\u00a0\u00bb1\/3&Prime; css=\u00a0\u00bb.vc_custom_1649335937667{margin-top: 30px !important;}\u00a0\u00bb][vc_single_image image=\u00a0\u00bb264&Prime; img_size=\u00a0\u00bb220&#215;300&Prime; alignment=\u00a0\u00bbcenter\u00a0\u00bb][vc_single_image image=\u00a0\u00bb262&Prime; img_size=\u00a0\u00bb220&#215;300&Prime; alignment=\u00a0\u00bbcenter\u00a0\u00bb][\/vc_column][vc_column width=\u00a0\u00bb1\/3&Prime; css=\u00a0\u00bb.vc_custom_1649336515712{margin-top: 30px !important;}\u00a0\u00bb][vc_single_image image=\u00a0\u00bb265&Prime; img_size=\u00a0\u00bb220&#215;300&Prime; alignment=\u00a0\u00bbcenter\u00a0\u00bb][vc_single_image image=\u00a0\u00bb260&Prime; img_size=\u00a0\u00bb220&#215;300&Prime; alignment=\u00a0\u00bbcenter\u00a0\u00bb][\/vc_column][vc_column width=\u00a0\u00bb1\/3&Prime; css=\u00a0\u00bb.vc_custom_1649336523742{margin-top: 30px !important;}\u00a0\u00bb][vc_single_image image=\u00a0\u00bb263&Prime; img_size=\u00a0\u00bb220&#215;300&Prime; alignment=\u00a0\u00bbcenter\u00a0\u00bb][vc_single_image image=\u00a0\u00bb261&Prime; img_size=\u00a0\u00bb220&#215;300&Prime; alignment=\u00a0\u00bbcenter\u00a0\u00bb][\/vc_column][\/vc_row][vc_row][vc_column][vc_btn title=\u00a0\u00bbLire plus\u00a0\u00bb color=\u00a0\u00bbturquoise\u00a0\u00bb size=\u00a0\u00bblg\u00a0\u00bb align=\u00a0\u00bbcenter\u00a0\u00bb css=\u00a0\u00bb.vc_custom_1665149113681{margin-top: 20px !important;}\u00a0\u00bb link=\u00a0\u00bburl:https%3A%2F%2Fmagnesium.tn%2Findex.php%2Fen-manque-de-magnseium%2F|title:En%20manque%20de%20magns%C3%A9ium%20%3F\u00a0\u00bb][\/vc_column][\/vc_row]<\/p>\n","protected":false},"excerpt":{"rendered":"<p>[vc_row full_width=\u00a0\u00bbstretch_row\u00a0\u00bb content_placement=\u00a0\u00bbtop\u00a0\u00bb vc_row_background=\u00a0\u00bb\u00a0\u00bb][vc_column css=\u00a0\u00bb.vc_custom_1664805596429{margin-left: -30px !important;}\u00a0\u00bb][\/vc_column][\/vc_row][vc_row full_width=\u00a0\u00bbstretch_row\u00a0\u00bb vc_row_background=\u00a0\u00bb\u00a0\u00bb css=\u00a0\u00bb.vc_custom_1649322761785{background-image: url(https:\/\/magnesium.tn\/wp-content\/uploads\/2022\/04\/Fichier-2.png?id=235) !important;}\u00a0\u00bb][vc_column width=\u00a0\u00bb1\/4&Prime;][\/vc_column][vc_column width=\u00a0\u00bb1\/2&Prime;][vc_column_text] Ancienne, naturelle, pure et vierge Notre magn\u00e9sium transcutan\u00e9 provient de la mer Zechstein. C\u2019est une mer ancienne situ\u00e9e \u00e0 2 km sous terre, datant de 250 millions d\u2019ann\u00e9es et totalement \u00e9loign\u00e9e de toute pollution. Il s\u2019agit de la plus pure des [&hellip;]<\/p>\n","protected":false},"author":1,"featured_media":0,"parent":0,"menu_order":0,"comment_status":"closed","ping_status":"closed","template":"template-builder.php","meta":{"footnotes":""},"class_list":["post-86","page","type-page","status-publish","hentry"],"_links":{"self":[{"href":"https:\/\/magnesium.tn\/index.php\/wp-json\/wp\/v2\/pages\/86","targetHints":{"allow":["GET"]}}],"collection":[{"href":"https:\/\/magnesium.tn\/index.php\/wp-json\/wp\/v2\/pages"}],"about":[{"href":"https:\/\/magnesium.tn\/index.php\/wp-json\/wp\/v2\/types\/page"}],"author":[{"embeddable":true,"href":"https:\/\/magnesium.tn\/index.php\/wp-json\/wp\/v2\/users\/1"}],"replies":[{"embeddable":true,"href":"https:\/\/magnesium.tn\/index.php\/wp-json\/wp\/v2\/comments?post=86"}],"version-history":[{"count":31,"href":"https:\/\/magnesium.tn\/index.php\/wp-json\/wp\/v2\/pages\/86\/revisions"}],"predecessor-version":[{"id":434,"href":"https:\/\/magnesium.tn\/index.php\/wp-json\/wp\/v2\/pages\/86\/revisions\/434"}],"wp:attachment":[{"href":"https:\/\/magnesium.tn\/index.php\/wp-json\/wp\/v2\/media?parent=86"}],"curies":[{"name":"wp","href":"https:\/\/api.w.org\/{rel}","templated":true}]}}