{"id":289,"date":"2022-04-11T09:28:22","date_gmt":"2022-04-11T09:28:22","guid":{"rendered":"https:\/\/magnesium.tn\/?page_id=289"},"modified":"2022-04-11T09:28:22","modified_gmt":"2022-04-11T09:28:22","slug":"avantages-de-la-voie-transdermique","status":"publish","type":"page","link":"https:\/\/magnesium.tn\/index.php\/avantages-de-la-voie-transdermique\/","title":{"rendered":"Avantages de la voie transdermique"},"content":{"rendered":"<p><span style=\"color: #144f82;\">&#8211; Passage direct dans les cellules depuis la peau.<\/span><br \/>\n<span style=\"color: #144f82;\">&#8211; Meilleure biodisponibilit\u00e9 d\u2019o\u00f9 efficacit\u00e9 rapide<\/span><br \/>\n<span style=\"color: #144f82;\">&#8211; Maximiser l\u2019apport quotidien de magn\u00e9sium sans avaler des pilules suppl\u00e9mentaires plusieurs fois par jour <\/span><br \/>\n<span style=\"color: #144f82;\">&#8211; Appliquer directement sur la zone \u00e0 probl\u00e8me avec des r\u00e9sultats imm\u00e9diats en contournant le tractus gastro-intestinal<\/span><br \/>\n<span style=\"color: #144f82;\">&#8211; Pas de risque de surdosage, la peau n\u2019absorbera pas plus de magn\u00e9sium que le corps n\u2019en a besoin <\/span><br \/>\n<span style=\"color: #144f82;\">&#8211; Le dosage peut \u00eatre adapt\u00e9 aux besoins du patient <\/span><br \/>\n<span style=\"color: #144f82;\">&#8211; Rem\u00e8de aigu et rapide pour les crampes musculaires<\/span><br \/>\n<span style=\"color: #144f82;\">&#8211; Application s\u00e9lective aux zones \u00e0 probl\u00e8mes possible<\/span><br \/>\n<span style=\"color: #144f82;\">&#8211; Sans probl\u00e8mes de r\u00e9sorption dans le tractus gastro-intestinal tel que la diarrh\u00e9e et l\u2019irritation intestinale.<\/span><br \/>\n<span style=\"color: #144f82;\">&#8211; Convient \u00e0 ceux qui ont une mauvaise tol\u00e9rance au magn\u00e9sium par voie orale<\/span><br \/>\n<span style=\"color: #144f82;\">&#8211; Convient \u00e0 ceux qui absorbent mal le magn\u00e9sium tel que les personnes \u00e2g\u00e9es<\/span><br \/>\n<span style=\"color: #144f82;\">&#8211; Convient aux femmes enceintes et m\u00e8res allaitantes<\/span><\/p>\n<h4><span style=\"color: #144f82;\">\u2192 Suppl\u00e9mentation rapide, efficace, facile et pratique<\/span><\/h4>\n","protected":false},"excerpt":{"rendered":"<p>&#8211; Passage direct dans les cellules depuis la peau. &#8211; Meilleure biodisponibilit\u00e9 d\u2019o\u00f9 efficacit\u00e9 rapide &#8211; Maximiser l\u2019apport quotidien de magn\u00e9sium sans avaler des pilules suppl\u00e9mentaires plusieurs fois par jour &#8211; Appliquer directement sur la zone \u00e0 probl\u00e8me avec des r\u00e9sultats imm\u00e9diats en contournant le tractus gastro-intestinal &#8211; Pas de risque de surdosage, la peau [&hellip;]<\/p>\n","protected":false},"author":1,"featured_media":0,"parent":0,"menu_order":0,"comment_status":"closed","ping_status":"closed","template":"","meta":{"footnotes":""},"class_list":["post-289","page","type-page","status-publish","hentry"],"_links":{"self":[{"href":"https:\/\/magnesium.tn\/index.php\/wp-json\/wp\/v2\/pages\/289","targetHints":{"allow":["GET"]}}],"collection":[{"href":"https:\/\/magnesium.tn\/index.php\/wp-json\/wp\/v2\/pages"}],"about":[{"href":"https:\/\/magnesium.tn\/index.php\/wp-json\/wp\/v2\/types\/page"}],"author":[{"embeddable":true,"href":"https:\/\/magnesium.tn\/index.php\/wp-json\/wp\/v2\/users\/1"}],"replies":[{"embeddable":true,"href":"https:\/\/magnesium.tn\/index.php\/wp-json\/wp\/v2\/comments?post=289"}],"version-history":[{"count":1,"href":"https:\/\/magnesium.tn\/index.php\/wp-json\/wp\/v2\/pages\/289\/revisions"}],"predecessor-version":[{"id":290,"href":"https:\/\/magnesium.tn\/index.php\/wp-json\/wp\/v2\/pages\/289\/revisions\/290"}],"wp:attachment":[{"href":"https:\/\/magnesium.tn\/index.php\/wp-json\/wp\/v2\/media?parent=289"}],"curies":[{"name":"wp","href":"https:\/\/api.w.org\/{rel}","templated":true}]}}