{"id":285,"date":"2022-04-11T09:22:14","date_gmt":"2022-04-11T09:22:14","guid":{"rendered":"https:\/\/magnesium.tn\/?page_id=285"},"modified":"2022-04-11T09:34:29","modified_gmt":"2022-04-11T09:34:29","slug":"mode-demploi","status":"publish","type":"page","link":"https:\/\/magnesium.tn\/index.php\/mode-demploi\/","title":{"rendered":"Mode d\u2019emploi"},"content":{"rendered":"<p><span style=\"color: #144f82;\">Il est recommand\u00e9 d&rsquo;appliquer quotidiennement de 5 \u00e0 15 pulv\u00e9risations de Magn\u00e9sium spray ZECHSTEIN\u00ae directement sur la peau propre matin et\/ou soir et masser doucement.<\/span><br \/>\n<span style=\"color: #144f82;\">Il suffit de vaporiser directement sur les diff\u00e9rentes parties du corps telle que les \u00e9paules, le torse, les bras, les jambes, les cuisses, les mollets ou toute zone qui pr\u00e9sente des courbatures ou des douleurs et masser doucementpour stimuler l&rsquo;absorption. <\/span><br \/>\n<span style=\"color: #144f82;\">La solution peut rester sur la peau ou bien \u00eatre rinc\u00e9e \u00e0 l\u2019eau apr\u00e8s 15 minutes.<\/span><br \/>\n<span style=\"color: #144f82;\">La solution peut \u00eatre dilu\u00e9e avec de l\u2019eau ou ajout\u00e9e \u00e0 une huile de massage ou un lait de corps.<\/span><\/p>\n<p><span style=\"color: #144f82;\">En fonction des utilisations, l\u2019application peut \u00eatre plus cibl\u00e9e :<\/span><\/p>\n<h4><span style=\"color: #00a9bb;\">\u2022 Pour les crampes aigu\u00ebs :<\/span><\/h4>\n<p><span style=\"color: #144f82;\">Pulv\u00e9riser directement sur la zone douloureuse et masser, la crampe est lib\u00e9r\u00e9e en quelques secondes.<\/span><\/p>\n<h4><span style=\"color: #00a9bb;\">\u2022 Dans le sport :<\/span><\/h4>\n<p><span style=\"color: #144f82;\">Vaporisez de 5 \u00e0 10 coups de l&rsquo;huile de magn\u00e9sium directement sur les muscles sollicit\u00e9s avant ou pendant l&rsquo;entra\u00eenement ou la comp\u00e9tition et massez doucement. Les muscles sont ainsi plus r\u00e9sistants et se r\u00e9g\u00e9n\u00e8rent plus rapidement.<\/span><\/p>\n<h4><span style=\"color: #00a9bb;\">\u2022 Douleurs articulaires et tendineuses :<\/span><\/h4>\n<p><span style=\"color: #144f82;\">L&rsquo;huile de magn\u00e9sium d\u00e9tend les muscles autour des zones douloureuses.<\/span><br \/>\n<span style=\"color: #144f82;\">Frotter l\u2019huile de magn\u00e9sium autour des points douloureux.<\/span><\/p>\n<h4><span style=\"color: #00a9bb;\">\u2022 Douleurs et blessures musculaires :<\/span><\/h4>\n<p><span style=\"color: #144f82;\">Imbiber une serviette en papier et placer la sur une cheville foul\u00e9e ou un muscle tir\u00e9, laisser agir pendant 6 heures.<\/span><br \/>\n<span style=\"color: #144f82;\">Refaire l\u2019application si n\u00e9cessaire.<\/span><\/p>\n<h4><span style=\"color: #00a9bb;\">\u2022 Meilleure qualit\u00e9 de sommeil :<\/span><\/h4>\n<p><span style=\"color: #144f82;\">30 minutes avant le coucher : Masser le bas des jambes et la plante des pieds avec de l&rsquo;huile de magn\u00e9sium et mettre les chaussettes.<\/span><\/p>\n<h4><span style=\"color: #00a9bb;\">\u2022 Jambes lourdes \/ Jambes sans repos :<\/span><\/h4>\n<p><span style=\"color: #144f82;\">Pour soulager la sensation de jambes lourdes et stimuler la circulation : <\/span><br \/>\n<span style=\"color: #144f82;\">Appliquer quelques pulv\u00e9risations sur les jambes et masser de bas en haut.<\/span><\/p>\n<h4><span style=\"color: #00a9bb;\">\u2022 Maux de t\u00eate :<\/span><\/h4>\n<p><span style=\"color: #144f82;\">Appliquer une ou deux pulv\u00e9risations sur les tempes, le front, le cou et les \u00e9paules.<\/span><\/p>\n<h4><span style=\"color: #00a9bb;\">\u2022 Stimuler l&rsquo;\u00e9nergie:<\/span><\/h4>\n<p><span style=\"color: #144f82;\">L\u2019huile de magn\u00e9sium encourage l&rsquo;activation des enzymes qui produisent de l\u2019\u00e9nergie cellulaire, en activant l&rsquo;ad\u00e9nosine triphosphate (ATP).<\/span><br \/>\n<span style=\"color: #144f82;\">&#8211; Avant chaque douche, appliquer g\u00e9n\u00e9reusement l&rsquo;huile de Magn\u00e9siumsur tout le corps et laisser agir 20 minutes avant de rincer. <\/span><br \/>\n<span style=\"color: #144f82;\">&#8211; Ajouter 30 ml au bain ou au bain de pieds et laisser tremper pendant 20 \u00e0 30 minutes puis rincer.<\/span><\/p>\n<h4><span style=\"color: #00a9bb;\">\u2022 Maux de ventre ou troubles f\u00e9minins :<\/span><\/h4>\n<p><span style=\"color: #144f82;\">Appliquer localement sur le ventre et masser jusqu\u2019\u00e0 absorption<\/span><\/p>\n<h4><span style=\"color: #00a9bb;\">\u2022 Soin de cheveux (pellicules, chute de cheveux) :<\/span><\/h4>\n<p><span style=\"color: #144f82;\">Au niveau du follicule pileux, le magn\u00e9sium aide les acides amin\u00e9s \u00e0 se convertir en prot\u00e9ines de k\u00e9ratine (dont les cheveux sont principalement constitu\u00e9s). <\/span><br \/>\n<span style=\"color: #144f82;\">Le magn\u00e9sium emp\u00eache aussi les d\u00e9p\u00f4ts de calcium dans les cellules folliculaires et r\u00e9duit alors la chute de cheveux caus\u00e9e par l\u2019accumulation de calcium. <\/span><br \/>\n<span style=\"color: #144f82;\">Appliquer environs 6 pulv\u00e9risations d&rsquo;huile de magn\u00e9sium sur le cuir chevelu, masser doucement et laisser agir 20 minutes puis bien rincer.<\/span><\/p>\n<h4><span style=\"color: #00a9bb;\">\u2022 Affections cutan\u00e9es :<\/span><\/h4>\n<p><span style=\"color: #144f82;\">Le chlorure de magn\u00e9sium appliqu\u00e9 localement am\u00e9liore la fonction de barri\u00e8re cutan\u00e9e, diminue l&rsquo;inflammation et acc\u00e9l\u00e8re la cicatrisation.<\/span><br \/>\n<span style=\"color: #144f82;\">&#8211; En cas d\u2019apparition de boutons de fi\u00e8vre (au d\u00e9but uniquement) : Appliquer un coton imbib\u00e9 pendant une heure sur la zone.<\/span><br \/>\n<span style=\"color: #144f82;\">&#8211; En cas d\u2019acn\u00e9 ou de cicatrisation d\u2019une plaie : Appliquer un coton imbib\u00e9 seulement aux alentours de la zone \u00e0 traiter<\/span><br \/>\n<span style=\"color: #144f82;\">&#8211; Pour am\u00e9liorer les dermatoses(Psoriasis, Ecz\u00e9ma, Dermatite&#8230;) : Appliquer quelques pulv\u00e9risations m\u00e9lang\u00e9es avec du beurre de karit\u00e9 ou d\u2019huile d&rsquo;amande douce<\/span><\/p>\n<h4><span style=\"color: #144f82;\">Picotement lors de la premi\u00e8re utilisation :<\/span><\/h4>\n<p><span style=\"color: #144f82;\">Lors de la premi\u00e8re application, vous pouvez ressentir une l\u00e9g\u00e8re sensation de picotement. <\/span><br \/>\n<span style=\"color: #144f82;\">C&rsquo;est normal, cela peut indiquer les faibles niveaux de magn\u00e9sium dans l\u2019organisme et le r\u00e9sultat d\u2019une absorption rapide du magn\u00e9sium \u00e0 travers les pores. <\/span><br \/>\n<span style=\"color: #144f82;\">Ce picotement s\u2019estompera au fur et \u00e0 mesure des applications et comme l&rsquo;absorption commence imm\u00e9diatement, la peau peut \u00eatre essuy\u00e9e ou rinc\u00e9e 15 minutes apr\u00e8s l\u2019application.<\/span><br \/>\n<span style=\"color: #144f82;\">Il est recommand\u00e9 d&rsquo;en utiliser une petite quantit\u00e9 par zone et d&rsquo;augmenter progressivement. <\/span><br \/>\n<span style=\"color: #144f82;\">Cette r\u00e9action diminuera \u00e0 mesure que les niveaux cellulaires de magn\u00e9sium augmenteront dans le corps.<\/span><br \/>\n<span style=\"color: #144f82;\">Pour \u00e9viter la sensation de picotement, l\u2019huile de magn\u00e9sium peut \u00eatre dilu\u00e9e avec de l\u2019eau ou ajout\u00e9e \u00e0 une huile de massage ou un lait de corps.<\/span><\/p>\n","protected":false},"excerpt":{"rendered":"<p>Il est recommand\u00e9 d&rsquo;appliquer quotidiennement de 5 \u00e0 15 pulv\u00e9risations de Magn\u00e9sium spray ZECHSTEIN\u00ae directement sur la peau propre matin et\/ou soir et masser doucement. Il suffit de vaporiser directement sur les diff\u00e9rentes parties du corps telle que les \u00e9paules, le torse, les bras, les jambes, les cuisses, les mollets ou toute zone qui pr\u00e9sente [&hellip;]<\/p>\n","protected":false},"author":1,"featured_media":0,"parent":0,"menu_order":0,"comment_status":"closed","ping_status":"closed","template":"","meta":{"footnotes":""},"class_list":["post-285","page","type-page","status-publish","hentry"],"_links":{"self":[{"href":"https:\/\/magnesium.tn\/index.php\/wp-json\/wp\/v2\/pages\/285","targetHints":{"allow":["GET"]}}],"collection":[{"href":"https:\/\/magnesium.tn\/index.php\/wp-json\/wp\/v2\/pages"}],"about":[{"href":"https:\/\/magnesium.tn\/index.php\/wp-json\/wp\/v2\/types\/page"}],"author":[{"embeddable":true,"href":"https:\/\/magnesium.tn\/index.php\/wp-json\/wp\/v2\/users\/1"}],"replies":[{"embeddable":true,"href":"https:\/\/magnesium.tn\/index.php\/wp-json\/wp\/v2\/comments?post=285"}],"version-history":[{"count":4,"href":"https:\/\/magnesium.tn\/index.php\/wp-json\/wp\/v2\/pages\/285\/revisions"}],"predecessor-version":[{"id":297,"href":"https:\/\/magnesium.tn\/index.php\/wp-json\/wp\/v2\/pages\/285\/revisions\/297"}],"wp:attachment":[{"href":"https:\/\/magnesium.tn\/index.php\/wp-json\/wp\/v2\/media?parent=285"}],"curies":[{"name":"wp","href":"https:\/\/api.w.org\/{rel}","templated":true}]}}