{"id":183,"date":"2022-04-04T08:42:06","date_gmt":"2022-04-04T08:42:06","guid":{"rendered":"https:\/\/magnesium.tn\/?page_id=183"},"modified":"2022-04-11T09:51:55","modified_gmt":"2022-04-11T09:51:55","slug":"en-manque-de-magnseium","status":"publish","type":"page","link":"https:\/\/magnesium.tn\/index.php\/en-manque-de-magnseium\/","title":{"rendered":"En manque de magns\u00e9ium ?"},"content":{"rendered":"<p>[vc_row][vc_column width=\u00a0\u00bb1\/6&Prime;][\/vc_column][vc_column width=\u00a0\u00bb2\/3&Prime;][vc_column_text]<\/p>\n<h4><span style=\"color: #144f82;\">ETES-VOUS EN MANQUE DE MAGNESIUM ?<\/span><\/h4>\n<p><span style=\"color: #144f82;\">Afin de faire un petit bilan sur votre propre carence en magn\u00e9sium, nous vous pr\u00e9sentons une liste de questions. Chaque r\u00e9ponse affirmative peut \u00eatre significative d\u2019une carence en magn\u00e9sium, ce ph\u00e9nom\u00e8ne touchant en moyenne 75 \u00e0 90 % (selon l\u2019\u00e2ge) de la population mondiale.<\/span><br \/>\n<span style=\"color: #144f82;\">\u2022\u2004Souffrez-vous de coups de fatigue inexpliqu\u00e9s pendant la journ\u00e9e ?<\/span><br \/>\n<span style=\"color: #144f82;\">\u2022\u2004Vous sentez-vous souvent stress\u00e9 et angoiss\u00e9 sans raison ?<\/span><br \/>\n<span style=\"color: #144f82;\">\u2022\u2004Avez-vous des tendances d\u00e9pressives ou sentez-vous r\u00e9guli\u00e8rement un sentiment de d\u00e9prime, m\u00eame l\u00e9ger ?<\/span><br \/>\n<span style=\"color: #144f82;\">\u2022\u2004Avez-vous constat\u00e9 chez vous des difficult\u00e9s de concentration et d\u2019ancrage ?<\/span><br \/>\n<span style=\"color: #144f82;\">\u2022\u2004Avez-vous des difficult\u00e9s \u00e0 vous endormir ? Vous r\u00e9veillez-vous souvent la nuit ?<\/span><br \/>\n<span style=\"color: #144f82;\">\u2022\u2004Souffrez-vous r\u00e9guli\u00e8rement de crampes en dehors de tout effort physique ?<\/span><br \/>\n<span style=\"color: #144f82;\">\u2022\u2004Avez-vous des troubles de transit intestinal ? Vos intestins sont-ils \u00ab paresseux \u00bb ?<\/span><br \/>\n<span style=\"color: #144f82;\">\u2022\u2004Avez-vous r\u00e9guli\u00e8rement la paupi\u00e8re qui \u00ab saute \u00bb ?<\/span><br \/>\n<span style=\"color: #144f82;\">\u2022\u2004Cicatrisez-vous difficilement ?<\/span><br \/>\n<span style=\"color: #144f82;\">\u2022\u2004Vous arrive-t-il de ressentir des palpitations et d\u2019avoir la gorge nou\u00e9e ?<\/span><br \/>\n<span style=\"color: #144f82;\">\u2022\u2004Vos cheveux sont-ils fragiles et cassants ?<\/span><br \/>\n<span style=\"color: #144f82;\">\u2022\u2004Souffrez-vous de probl\u00e8mes m\u00e9taboliques ?<\/span><br \/>\n<span style=\"color: #144f82;\">\u2022\u2004Consommez-vous quotidiennement une alimentation riche en f\u00e9culents et sucres (p\u00e2tes, pain, riz, sucreries, sodas, etc.) ?<\/span><br \/>\n<span style=\"color: #144f82;\">\u2022\u2004Vous est-il difficile de vous passer pendant la journ\u00e9e de stimulants tels que le caf\u00e9 (caf\u00e9ine), le th\u00e9 (th\u00e9ine), le chocolat (th\u00e9obromine) ou autres boissons ou sodas enrichis ?<\/span><br \/>\n<span style=\"color: #144f82;\">\u2022\u2004Prenez-vous la pilule ?<\/span><br \/>\n<span style=\"color: #144f82;\">\u2022\u2004Souffrez-vous de douleurs musculaires ou articulaires li\u00e9es \u00e0 une pratique r\u00e9guli\u00e8re ou intensive de sport ?<\/span><br \/>\n<span style=\"color: #144f82;\">\u2022\u2004Avez-vous plus de 30 ans (la carence de magn\u00e9sium s\u2019accroissant \u00e0 partir de cet \u00e2ge) ?<\/span><br \/>\n<span style=\"color: #144f82;\">\u2022\u2004Suivez-vous un traitement pour la tension ?<\/span><br \/>\n<span style=\"color: #144f82;\">\u2022\u2004\u00cates-vous diab\u00e9tique, spasmophilie ou bien souffrez-vous de \u00ab coups de pompe \u00bb li\u00e9s \u00e0 des troubles hypoglyc\u00e9miques ?<\/span><br \/>\n<span style=\"color: #144f82;\">Si vos r\u00e9ponse sont pour la plupart positives, vous avez de grandes chances d\u2019\u00eatre carenc\u00e9 en magn\u00e9sium.<\/span>[\/vc_column_text][\/vc_column][vc_column width=\u00a0\u00bb1\/6&Prime;][\/vc_column][\/vc_row]<\/p>\n","protected":false},"excerpt":{"rendered":"<p>[vc_row][vc_column width=\u00a0\u00bb1\/6&Prime;][\/vc_column][vc_column width=\u00a0\u00bb2\/3&Prime;][vc_column_text] ETES-VOUS EN MANQUE DE MAGNESIUM ? Afin de faire un petit bilan sur votre propre carence en magn\u00e9sium, nous vous pr\u00e9sentons une liste de questions. Chaque r\u00e9ponse affirmative peut \u00eatre significative d\u2019une carence en magn\u00e9sium, ce ph\u00e9nom\u00e8ne touchant en moyenne 75 \u00e0 90 % (selon l\u2019\u00e2ge) de la population mondiale. \u2022\u2004Souffrez-vous de [&hellip;]<\/p>\n","protected":false},"author":1,"featured_media":0,"parent":0,"menu_order":0,"comment_status":"closed","ping_status":"closed","template":"","meta":{"footnotes":""},"class_list":["post-183","page","type-page","status-publish","hentry"],"_links":{"self":[{"href":"https:\/\/magnesium.tn\/index.php\/wp-json\/wp\/v2\/pages\/183","targetHints":{"allow":["GET"]}}],"collection":[{"href":"https:\/\/magnesium.tn\/index.php\/wp-json\/wp\/v2\/pages"}],"about":[{"href":"https:\/\/magnesium.tn\/index.php\/wp-json\/wp\/v2\/types\/page"}],"author":[{"embeddable":true,"href":"https:\/\/magnesium.tn\/index.php\/wp-json\/wp\/v2\/users\/1"}],"replies":[{"embeddable":true,"href":"https:\/\/magnesium.tn\/index.php\/wp-json\/wp\/v2\/comments?post=183"}],"version-history":[{"count":2,"href":"https:\/\/magnesium.tn\/index.php\/wp-json\/wp\/v2\/pages\/183\/revisions"}],"predecessor-version":[{"id":309,"href":"https:\/\/magnesium.tn\/index.php\/wp-json\/wp\/v2\/pages\/183\/revisions\/309"}],"wp:attachment":[{"href":"https:\/\/magnesium.tn\/index.php\/wp-json\/wp\/v2\/media?parent=183"}],"curies":[{"name":"wp","href":"https:\/\/api.w.org\/{rel}","templated":true}]}}